{"id":1577,"date":"2026-02-25T18:46:10","date_gmt":"2026-02-25T18:46:10","guid":{"rendered":"https:\/\/colpindec.com\/politica-de-cookies-ue\/"},"modified":"2026-02-25T18:46:10","modified_gmt":"2026-02-25T18:46:10","slug":"politique-de-lue-en-matiere-de-cookies","status":"publish","type":"page","link":"https:\/\/colpindec.com\/fr\/politica-de-cookies-ue\/","title":{"rendered":"Politique en mati\u00e8re de cookies (UE)"},"content":{"rendered":"<!-- Legal document generated by Complianz | GDPR\/CCPA Cookie Consent https:\/\/wordpress.org\/plugins\/complianz-gdpr -->\n<div id=\"cmplz-document\" class=\"cmplz-document cookie-statement cmplz-document-eu\"><p><i>Cette politique en mati\u00e8re de cookies a \u00e9t\u00e9 mise \u00e0 jour pour la premi\u00e8re fois le 25 f\u00e9vrier 2026 et s'applique aux citoyens et aux r\u00e9sidents permanents de l'Espace \u00e9conomique europ\u00e9en et de la Suisse.<\/i><br><\/p><h2>1. introduction<\/h2><p>Notre site web, <a href=\"https:\/\/colpindec.com\/fr\">https:\/\/colpindec.com\/fr<\/a> (c'est-\u00e0-dire \u00able site web\u00bb) utilise des cookies et d'autres technologies connexes (par souci de simplification, toutes ces technologies sont d\u00e9sign\u00e9es par le terme \u00abcookies\u00bb). Des cookies sont \u00e9galement plac\u00e9s par des tiers auxquels nous avons fait appel. Dans le document ci-dessous, nous vous informons sur l'utilisation des cookies sur notre site web.<\/p><h2>2. Qu'est-ce qu'un cookie ?<\/h2><p>Un cookie est un petit fichier simple envoy\u00e9 avec les pages de ce site web et stock\u00e9 par votre navigateur sur le disque dur de votre ordinateur ou autre appareil. Les informations qu'il contient peuvent \u00eatre transmises \u00e0 notre personnel ou au personnel des tiers concern\u00e9s lors d'une visite ult\u00e9rieure.<\/p><h2>3. Quels sont les scripts ?<\/h2><p>Un script est un morceau de code utilis\u00e9 pour faire fonctionner notre site web correctement et de mani\u00e8re interactive. Ce code est ex\u00e9cut\u00e9 sur notre service ou sur votre appareil.<\/p><h2>4. Qu'est-ce qu'une balise invisible ?<\/h2><p>Une balise invisible (ou balise web) est un petit message texte ou image invisible sur un site web, utilis\u00e9 pour surveiller le trafic sur un site web. Pour ce faire, diverses donn\u00e9es vous concernant sont stock\u00e9es \u00e0 l'aide de balises invisibles.<\/p><h2>5. Cookies<\/h2><p class=\"cmplz-subtitle\">5.1 Cookies techniques ou fonctionnels<\/p><p>Certains cookies assurent le bon fonctionnement de certaines parties du site web et tiennent compte de vos pr\u00e9f\u00e9rences en tant qu'utilisateur. En utilisant des cookies fonctionnels, nous facilitons votre visite sur notre site web. Ainsi, vous n'avez pas besoin de r\u00e9cup\u00e9rer plusieurs fois les m\u00eames informations lors de votre visite sur notre site web et, par exemple, les \u00e9l\u00e9ments restent dans votre navigateur jusqu'\u00e0 votre paiement. Nous pouvons utiliser ces cookies sans votre consentement.<\/p><h2>6. Biscuits agr\u00e9ables<\/h2><div id=\"cmplz-cookies-overview\"><details class=\"cmplz-dropdown cmplz-service-desc cmplz-dropdown-cookiepolicy\">\n\t<summary class=\"cmplz-service-header\"><div>\n\t\t<h3>Elementor<\/h3>\n\t\t<p>Statistiques (anonyme)<\/p>\n\t\t<label for=\"cmplz_service_elementor\" class=\"cmplz_consent_per_service_label\"><span class=\"screen-reader-text\">Consentement \u00e0 l'\u00e9l\u00e9ment de service<\/span><\/label>\n\t\t<input type=\"checkbox\" id=\"cmplz_service_elementor\" class=\"cmplz-accept-service cmplz-hidden\" data-service=\"elementor\" data-category=\"functional\"><\/div>\n\t<\/summary>\n\t<div class=\"cmplz-service-description\">\n\t\t<h4>Utilisation<\/h4>\n\t\t<p>Nous utilisons Elementor pour la cr\u00e9ation de contenu. <a target=\"_blank\" rel=\"noopener noreferrer nofollow\" href=\"https:\/\/cookiedatabase.org\/service\/elementor\/\">En savoir plus sur Elementor<\/a><\/p>\n\t<\/div>\n\t<div class=\"cmplz-sharing-data\">\n\t\t<h4>Partage de donn\u00e9es<\/h4>\n\t\t<p>Ces donn\u00e9es ne sont pas communiqu\u00e9es \u00e0 des tiers.<\/p>\n\t<\/div>\n\t<div class=\"cookies-per-purpose\">\n    <div class=\"purpose\"><h4>Statistiques (anonyme)<\/h4><\/div>\n    <div class=\"name-header\">\n\t<h5>Nom<\/h5>\n<\/div>\n<div class=\"name\"><a target=\"_blank\" rel=\"noopener noreferrer nofollow\" href=\"https:\/\/cookiedatabase.org\/cookie\/elementor\/elementor\/\">\u00e9l\u00e9mentaire<\/a><\/div>\n<div class=\"retention-header\">\n\t<h5>Expiration<\/h5>\n<\/div>\n<div class=\"retention\">persistant<\/div>\n<div class=\"function-header\">\n\t<h5>Fonction<\/h5>\n<\/div>\n<div class=\"function\">Stocker les actions effectu\u00e9es par les utilisateurs sur le site web<\/div>\n\n<\/div>\n<\/details>\n<details class=\"cmplz-dropdown cmplz-service-desc cmplz-dropdown-cookiepolicy\">\n\t<summary class=\"cmplz-service-header\"><div>\n\t\t<h3>WordPress<\/h3>\n\t\t<p>Fonctionnel<\/p>\n\t\t<label for=\"cmplz_service_wordpress\" class=\"cmplz_consent_per_service_label\"><span class=\"screen-reader-text\">Consentement au service wordpress<\/span><\/label>\n\t\t<input type=\"checkbox\" id=\"cmplz_service_wordpress\" class=\"cmplz-accept-service cmplz-hidden\" data-service=\"wordpress\" data-category=\"functional\"><\/div>\n\t<\/summary>\n\t<div class=\"cmplz-service-description\">\n\t\t<h4>Utilisation<\/h4>\n\t\t<p>Nous utilisons WordPress pour le d\u00e9veloppement du site web. <a target=\"_blank\" rel=\"noopener noreferrer nofollow\" href=\"https:\/\/cookiedatabase.org\/service\/wordpress\/\">En savoir plus sur WordPress<\/a><\/p>\n\t<\/div>\n\t<div class=\"cmplz-sharing-data\">\n\t\t<h4>Partage de donn\u00e9es<\/h4>\n\t\t<p>Ces donn\u00e9es ne sont pas communiqu\u00e9es \u00e0 des tiers.<\/p>\n\t<\/div>\n\t<div class=\"cookies-per-purpose\">\n    <div class=\"purpose\"><h4>Fonctionnel<\/h4><\/div>\n    <div class=\"name-header\">\n\t<h5>Nom<\/h5>\n<\/div>\n<div class=\"name\"><a target=\"_blank\" rel=\"noopener noreferrer nofollow\" href=\"https:\/\/cookiedatabase.org\/cookie\/wordpress\/wpemojisettingssupports\/\">wpEmojiSettingsSupports<\/a><\/div>\n<div class=\"retention-header\">\n\t<h5>Expiration<\/h5>\n<\/div>\n<div class=\"retention\">session<\/div>\n<div class=\"function-header\">\n\t<h5>Fonction<\/h5>\n<\/div>\n<div class=\"function\">Sauvegarder les informations du navigateur<\/div>\n\n<\/div>\n<\/details>\n<details class=\"cmplz-dropdown cmplz-service-desc cmplz-dropdown-cookiepolicy\">\n\t<summary class=\"cmplz-service-header\"><div>\n\t\t<h3>Migration WP tout-en-un<\/h3>\n\t\t<p>Fonctionnel<\/p>\n\t\t<label for=\"cmplz_service_all-in-one-wp-migration\" class=\"cmplz_consent_per_service_label\"><span class=\"screen-reader-text\">Consentement au service all-in-one-wp-migration<\/span><\/label>\n\t\t<input type=\"checkbox\" id=\"cmplz_service_all-in-one-wp-migration\" class=\"cmplz-accept-service cmplz-hidden\" data-service=\"all-in-one-wp-migration\" data-category=\"functional\"><\/div>\n\t<\/summary>\n\t<div class=\"cmplz-service-description\">\n\t\t<h4>Utilisation<\/h4>\n\t\t<p>Nous utilisons All in One WP Migration pour le d\u00e9veloppement du site web. <a target=\"_blank\" rel=\"noopener noreferrer nofollow\" href=\"https:\/\/cookiedatabase.org\/service\/all-in-one-wp-migration\/\">En savoir plus sur All in One WP Migration<\/a><\/p>\n\t<\/div>\n\t<div class=\"cmplz-sharing-data\">\n\t\t<h4>Partage de donn\u00e9es<\/h4>\n\t\t<p>Ces donn\u00e9es ne sont pas communiqu\u00e9es \u00e0 des tiers.<\/p>\n\t<\/div>\n\t<div class=\"cookies-per-purpose\">\n    <div class=\"purpose\"><h4>Fonctionnel<\/h4><\/div>\n    <div class=\"name-header\">\n\t<h5>Nom<\/h5>\n<\/div>\n<div class=\"name\"><a target=\"_blank\" rel=\"noopener noreferrer nofollow\" href=\"https:\/\/cookiedatabase.org\/cookie\/all-in-one-wp-migration\/hasconsent\/\">aConsentement<\/a><\/div>\n<div class=\"retention-header\">\n\t<h5>Expiration<\/h5>\n<\/div>\n<div class=\"retention\">session<\/div>\n<div class=\"function-header\">\n\t<h5>Fonction<\/h5>\n<\/div>\n<div class=\"function\">Respecter les pr\u00e9f\u00e9rences en mati\u00e8re de confidentialit\u00e9<\/div>\n\n<\/div>\n<\/details>\n<details class=\"cmplz-dropdown cmplz-service-desc cmplz-dropdown-cookiepolicy\">\n\t<summary class=\"cmplz-service-header\"><div>\n\t\t<h3>Plongeurs<\/h3>\n\t\t<p>Finalit\u00e9 en attente d'enqu\u00eate<\/p>\n\t\t<label for=\"cmplz_service_divers\" class=\"cmplz_consent_per_service_label\"><span class=\"screen-reader-text\">Consentement des plongeurs de service<\/span><\/label>\n\t\t<input type=\"checkbox\" id=\"cmplz_service_divers\" class=\"cmplz-accept-service cmplz-hidden\" data-service=\"divers\" data-category=\"functional\"><\/div>\n\t<\/summary>\n\t<div class=\"cmplz-service-description\">\n\t\t<h4>Utilisation<\/h4>\n\t\t<p><\/p>\n\t<\/div>\n\t<div class=\"cmplz-sharing-data\">\n\t\t<h4>Partage de donn\u00e9es<\/h4>\n\t\t<p>Le partage des donn\u00e9es fait l'objet d'une enqu\u00eate<\/p>\n\t<\/div>\n\t<div class=\"cookies-per-purpose\">\n    <div class=\"purpose\"><h4>Finalit\u00e9 en attente d'enqu\u00eate<\/h4><\/div>\n    <div class=\"name-header\">\n\t<h5>Nom<\/h5>\n<\/div>\n<div class=\"name\">formbricks-js<\/div>\n<div class=\"retention-header\">\n\t<h5>Expiration<\/h5>\n<\/div>\n<div class=\"retention\"><\/div>\n<div class=\"function-header\">\n\t<h5>Fonction<\/h5>\n<\/div>\n<div class=\"function\"><\/div>\n<div class=\"name-header\">\n\t<h5>Nom<\/h5>\n<\/div>\n<div class=\"name\">e_kit-elements-defaults<\/div>\n<div class=\"retention-header\">\n\t<h5>Expiration<\/h5>\n<\/div>\n<div class=\"retention\"><\/div>\n<div class=\"function-header\">\n\t<h5>Fonction<\/h5>\n<\/div>\n<div class=\"function\"><\/div>\n<div class=\"name-header\">\n\t<h5>Nom<\/h5>\n<\/div>\n<div class=\"name\">mp_gen_new_tab_id_mixpanel_150605b3b9f979922f2ac5a52e2dcfe9<\/div>\n<div class=\"retention-header\">\n\t<h5>Expiration<\/h5>\n<\/div>\n<div class=\"retention\"><\/div>\n<div class=\"function-header\">\n\t<h5>Fonction<\/h5>\n<\/div>\n<div class=\"function\"><\/div>\n<div class=\"name-header\">\n\t<h5>Nom<\/h5>\n<\/div>\n<div class=\"name\">mp_tab_id_mixpanel_150605b3b9f979922f2ac5a52e2dcfe9<\/div>\n<div class=\"retention-header\">\n\t<h5>Expiration<\/h5>\n<\/div>\n<div class=\"retention\"><\/div>\n<div class=\"function-header\">\n\t<h5>Fonction<\/h5>\n<\/div>\n<div class=\"function\"><\/div>\n<div class=\"name-header\">\n\t<h5>Nom<\/h5>\n<\/div>\n<div class=\"name\">trp_language<\/div>\n<div class=\"retention-header\">\n\t<h5>Expiration<\/h5>\n<\/div>\n<div class=\"retention\"><\/div>\n<div class=\"function-header\">\n\t<h5>Fonction<\/h5>\n<\/div>\n<div class=\"function\"><\/div>\n\n<\/div>\n<\/details>\n<\/div><h2>7. Consentement<\/h2><p>Lorsque vous visitez notre site web pour la premi\u00e8re fois, nous affichons une fen\u00eatre contextuelle contenant des explications sur les cookies. D\u00e8s que vous cliquez sur \u00abEnregistrer les pr\u00e9f\u00e9rences\u00bb, vous nous autorisez \u00e0 utiliser les cat\u00e9gories de cookies et d'extensions que vous avez s\u00e9lectionn\u00e9es dans la fen\u00eatre contextuelle, comme d\u00e9crit dans la pr\u00e9sente politique en mati\u00e8re de cookies. Vous pouvez d\u00e9sactiver l'utilisation des cookies via votre navigateur, mais veuillez noter que notre site web pourrait ne plus fonctionner correctement.<\/p><p class=\"cmplz-subtitle\">7.1 G\u00e9rez vos r\u00e9glages de consentement<\/p><div id=\"cmplz-manage-consent-container-nojavascript\">Vous avez lu la politique en mati\u00e8re de cookies sans support javascript. Sur AMP, vous pouvez utiliser l'outil de gestion du consentement en bas de page.<\/div><div id=\"cmplz-manage-consent-container\" class=\"cmplz-manage-consent-container\"><\/div><h2>8. Activation\/d\u00e9sactivation et suppression des cookies<\/h2><p>Vous pouvez utiliser votre navigateur Internet pour supprimer automatiquement ou manuellement les cookies. Vous pouvez \u00e9galement sp\u00e9cifier que certains cookies ne peuvent pas \u00eatre plac\u00e9s. Vous pouvez \u00e9galement modifier les param\u00e8tres de votre navigateur Internet de mani\u00e8re \u00e0 recevoir un message chaque fois qu'un cookie est plac\u00e9. Pour plus d'informations sur ces options, veuillez vous r\u00e9f\u00e9rer aux instructions de la section d'aide de votre navigateur.<\/p><p>Veuillez noter que notre site web peut ne pas fonctionner correctement si tous les cookies sont d\u00e9sactiv\u00e9s. Si vous supprimez les cookies dans votre navigateur, ils seront \u00e0 nouveau plac\u00e9s apr\u00e8s votre consentement lorsque vous visiterez notre site web.<\/p><h2>9. Vos droits en mati\u00e8re de donn\u00e9es \u00e0 caract\u00e8re personnel<\/h2><p>Vous disposez des droits suivants concernant vos donn\u00e9es personnelles :<\/p><ul>\n                    <li>Vous avez le droit de savoir pourquoi vos donn\u00e9es personnelles sont n\u00e9cessaires, ce qu'il en adviendra et combien de temps elles seront conserv\u00e9es.<\/li>\n                    <li>Droit d'acc\u00e8s : vous avez le droit d'acc\u00e9der aux donn\u00e9es \u00e0 caract\u00e8re personnel vous concernant dont nous disposons.<\/li>\n                    <li>Droit de rectification : vous avez le droit, \u00e0 tout moment, de compl\u00e9ter, de corriger, de supprimer ou de bloquer vos donn\u00e9es personnelles.<\/li>\n                    <li>Si vous nous donnez votre consentement au traitement de vos donn\u00e9es, vous avez le droit de r\u00e9voquer ce consentement et de faire effacer vos donn\u00e9es personnelles.<\/li>\n                    <li>Droit de transf\u00e9rer vos donn\u00e9es : vous avez le droit de demander au responsable du traitement de vous communiquer toutes vos donn\u00e9es \u00e0 caract\u00e8re personnel et de les transf\u00e9rer int\u00e9gralement \u00e0 un autre responsable du traitement.<\/li>\n                    <li>Droit d'opposition : vous pouvez vous opposer au traitement de vos donn\u00e9es. Nous nous y conformerons, \u00e0 moins que certaines raisons ne justifient pas ce traitement.<\/li>\n                <\/ul><p>Pour exercer ces droits, veuillez nous contacter. Veuillez vous r\u00e9f\u00e9rer aux coordonn\u00e9es figurant au bas de la pr\u00e9sente politique en mati\u00e8re de cookies. Si vous avez une r\u00e9clamation concernant la mani\u00e8re dont nous traitons vos donn\u00e9es, nous souhaitons vous en informer, mais vous avez \u00e9galement le droit d'introduire une r\u00e9clamation aupr\u00e8s de l'autorit\u00e9 de contr\u00f4le (l'autorit\u00e9 charg\u00e9e de la protection des donn\u00e9es).<\/p><h2>10. Coordonn\u00e9es<\/h2><p>Pour toute question et\/ou commentaire concernant notre politique en mati\u00e8re de cookies et la pr\u00e9sente d\u00e9claration, veuillez nous contacter en utilisant les coordonn\u00e9es ci-dessous :<\/p><p><span class=\"cmplz-contact-organisation\">COLPINDEC<\/span><br>\n                      <span class=\"cmplz-contact-address\">Cortijo Benitez, 360<br \/>\n29100 Coin - Malaga - Espagne<\/span><br>\n                      <span class=\"cmplz-contact-country\">Espagne<\/span><br>\n                    Site web : <span class=\"cmplz-contact-domain\"><a href=\"https:\/\/colpindec.com\/fr\">https:\/\/colpindec.com\/fr<\/a><\/span><br>\n                    E-mail : <span class=\"cmplz-contact-email\"><span class=\"cmplz-obfuscate\">i&#110;&#102;&#111;@<span class=\"cmplz-fmail-domain\">ex.c&#111;m<\/span>&#099;o&#108;p&#105;n&#100;&#101;c&#046;c&#111;m<\/span><\/span><br>\n                    <span class=\"cmplz-contact-telephone\">Num\u00e9ro de t\u00e9l\u00e9phone : +34 951 177 909<\/span><\/p><p>Cette politique en mati\u00e8re de cookies a \u00e9t\u00e9 synchronis\u00e9e avec <a href=\"https:\/\/cookiedatabase.org\/\" target=\"_blank\">cookiedatabase.org<\/a> le avril 15, 2026.<\/p><\/div>","protected":false},"excerpt":{"rendered":"","protected":false},"author":1,"featured_media":0,"parent":0,"menu_order":0,"comment_status":"closed","ping_status":"closed","template":"","meta":{"footnotes":""},"class_list":["post-1577","page","type-page","status-publish","hentry"],"yoast_head":"<!-- This site is optimized with the Yoast SEO Premium plugin v27.1 (Yoast SEO v27.0) - https:\/\/yoast.com\/product\/yoast-seo-premium-wordpress\/ -->\n<title>Pol\u00edtica de cookies (UE) - Colpindec<\/title>\n<meta name=\"robots\" content=\"index, follow, max-snippet:-1, max-image-preview:large, max-video-preview:-1\" \/>\n<link rel=\"canonical\" href=\"https:\/\/colpindec.com\/fr\/politique-de-lue-en-matiere-de-cookies\/\" \/>\n<meta property=\"og:locale\" content=\"fr_FR\" \/>\n<meta property=\"og:type\" content=\"article\" \/>\n<meta property=\"og:title\" content=\"Pol\u00edtica de cookies (UE) - Colpindec\" \/>\n<meta property=\"og:url\" content=\"https:\/\/colpindec.com\/fr\/politique-de-lue-en-matiere-de-cookies\/\" \/>\n<meta property=\"og:site_name\" content=\"Colpindec\" \/>\n<meta property=\"og:image\" content=\"https:\/\/colpindec.com\/wp-content\/uploads\/2026\/02\/DSC_0045-scaled.jpg\" \/>\n\t<meta property=\"og:image:width\" content=\"1600\" \/>\n\t<meta property=\"og:image:height\" content=\"1063\" \/>\n\t<meta property=\"og:image:type\" content=\"image\/jpeg\" \/>\n<meta name=\"twitter:card\" content=\"summary_large_image\" \/>\n<script type=\"application\/ld+json\" class=\"yoast-schema-graph\">{\"@context\":\"https:\/\/schema.org\",\"@graph\":[{\"@type\":\"WebPage\",\"@id\":\"https:\/\/colpindec.com\/politica-de-cookies-ue\/\",\"url\":\"https:\/\/colpindec.com\/politica-de-cookies-ue\/\",\"name\":\"Pol\u00edtica de cookies (UE) - Colpindec\",\"isPartOf\":{\"@id\":\"https:\/\/colpindec.com\/#website\"},\"datePublished\":\"2026-02-25T18:46:10+00:00\",\"breadcrumb\":{\"@id\":\"https:\/\/colpindec.com\/politica-de-cookies-ue\/#breadcrumb\"},\"inLanguage\":\"fr-FR\",\"potentialAction\":[{\"@type\":\"ReadAction\",\"target\":[\"https:\/\/colpindec.com\/politica-de-cookies-ue\/\"]}]},{\"@type\":\"BreadcrumbList\",\"@id\":\"https:\/\/colpindec.com\/politica-de-cookies-ue\/#breadcrumb\",\"itemListElement\":[{\"@type\":\"ListItem\",\"position\":1,\"name\":\"Home\",\"item\":\"https:\/\/colpindec.com\/\"},{\"@type\":\"ListItem\",\"position\":2,\"name\":\"Pol\u00edtica de cookies (UE)\"}]},{\"@type\":\"WebSite\",\"@id\":\"https:\/\/colpindec.com\/#website\",\"url\":\"https:\/\/colpindec.com\/\",\"name\":\"Colpindec\",\"description\":\"Empresa de pintura y acabados decorativos en Marbella\",\"publisher\":{\"@id\":\"https:\/\/colpindec.com\/#organization\"},\"potentialAction\":[{\"@type\":\"SearchAction\",\"target\":{\"@type\":\"EntryPoint\",\"urlTemplate\":\"https:\/\/colpindec.com\/?s={search_term_string}\"},\"query-input\":{\"@type\":\"PropertyValueSpecification\",\"valueRequired\":true,\"valueName\":\"search_term_string\"}}],\"inLanguage\":\"fr-FR\"},{\"@type\":\"Organization\",\"@id\":\"https:\/\/colpindec.com\/#organization\",\"name\":\"Colpindec | Empresa de Pintura y Acabados Decorativos en Marbella\",\"alternateName\":\"Colpindec\",\"url\":\"https:\/\/colpindec.com\/\",\"logo\":{\"@type\":\"ImageObject\",\"inLanguage\":\"fr-FR\",\"@id\":\"https:\/\/colpindec.com\/#\/schema\/logo\/image\/\",\"url\":\"https:\/\/colpindec.com\/wp-content\/uploads\/2026\/02\/cropped-5.png\",\"contentUrl\":\"https:\/\/colpindec.com\/wp-content\/uploads\/2026\/02\/cropped-5.png\",\"width\":512,\"height\":512,\"caption\":\"Colpindec | Empresa de Pintura y Acabados Decorativos en Marbella\"},\"image\":{\"@id\":\"https:\/\/colpindec.com\/#\/schema\/logo\/image\/\"}}]}<\/script>\n<!-- \/ Yoast SEO Premium plugin. -->","yoast_head_json":{"title":"Politique en mati\u00e8re de cookies (UE) - Colpindec","robots":{"index":"index","follow":"follow","max-snippet":"max-snippet:-1","max-image-preview":"max-image-preview:large","max-video-preview":"max-video-preview:-1"},"canonical":"https:\/\/colpindec.com\/fr\/politique-de-lue-en-matiere-de-cookies\/","og_locale":"fr_FR","og_type":"article","og_title":"Pol\u00edtica de cookies (UE) - Colpindec","og_url":"https:\/\/colpindec.com\/fr\/politique-de-lue-en-matiere-de-cookies\/","og_site_name":"Colpindec","og_image":[{"width":1600,"height":1063,"url":"https:\/\/colpindec.com\/wp-content\/uploads\/2026\/02\/DSC_0045-scaled.jpg","type":"image\/jpeg"}],"twitter_card":"summary_large_image","schema":{"@context":"https:\/\/schema.org","@graph":[{"@type":"WebPage","@id":"https:\/\/colpindec.com\/politica-de-cookies-ue\/","url":"https:\/\/colpindec.com\/politica-de-cookies-ue\/","name":"Politique en mati\u00e8re de cookies (UE) - Colpindec","isPartOf":{"@id":"https:\/\/colpindec.com\/#website"},"datePublished":"2026-02-25T18:46:10+00:00","breadcrumb":{"@id":"https:\/\/colpindec.com\/politica-de-cookies-ue\/#breadcrumb"},"inLanguage":"fr-FR","potentialAction":[{"@type":"ReadAction","target":["https:\/\/colpindec.com\/politica-de-cookies-ue\/"]}]},{"@type":"BreadcrumbList","@id":"https:\/\/colpindec.com\/politica-de-cookies-ue\/#breadcrumb","itemListElement":[{"@type":"ListItem","position":1,"name":"Home","item":"https:\/\/colpindec.com\/"},{"@type":"ListItem","position":2,"name":"Pol\u00edtica de cookies (UE)"}]},{"@type":"WebSite","@id":"https:\/\/colpindec.com\/#website","url":"https:\/\/colpindec.com\/","name":"Colpindec","description":"Entreprise de peinture et de finitions d\u00e9coratives \u00e0 Marbella","publisher":{"@id":"https:\/\/colpindec.com\/#organization"},"potentialAction":[{"@type":"SearchAction","target":{"@type":"EntryPoint","urlTemplate":"https:\/\/colpindec.com\/?s={search_term_string}"},"query-input":{"@type":"PropertyValueSpecification","valueRequired":true,"valueName":"search_term_string"}}],"inLanguage":"fr-FR"},{"@type":"Organization","@id":"https:\/\/colpindec.com\/#organization","name":"Colpindec | Entreprise de peinture et de finition d\u00e9corative \u00e0 Marbella","alternateName":"Colpindec","url":"https:\/\/colpindec.com\/","logo":{"@type":"ImageObject","inLanguage":"fr-FR","@id":"https:\/\/colpindec.com\/#\/schema\/logo\/image\/","url":"https:\/\/colpindec.com\/wp-content\/uploads\/2026\/02\/cropped-5.png","contentUrl":"https:\/\/colpindec.com\/wp-content\/uploads\/2026\/02\/cropped-5.png","width":512,"height":512,"caption":"Colpindec | Empresa de Pintura y Acabados Decorativos en Marbella"},"image":{"@id":"https:\/\/colpindec.com\/#\/schema\/logo\/image\/"}}]}},"_links":{"self":[{"href":"https:\/\/colpindec.com\/fr\/wp-json\/wp\/v2\/pages\/1577","targetHints":{"allow":["GET"]}}],"collection":[{"href":"https:\/\/colpindec.com\/fr\/wp-json\/wp\/v2\/pages"}],"about":[{"href":"https:\/\/colpindec.com\/fr\/wp-json\/wp\/v2\/types\/page"}],"author":[{"embeddable":true,"href":"https:\/\/colpindec.com\/fr\/wp-json\/wp\/v2\/users\/1"}],"replies":[{"embeddable":true,"href":"https:\/\/colpindec.com\/fr\/wp-json\/wp\/v2\/comments?post=1577"}],"version-history":[{"count":0,"href":"https:\/\/colpindec.com\/fr\/wp-json\/wp\/v2\/pages\/1577\/revisions"}],"wp:attachment":[{"href":"https:\/\/colpindec.com\/fr\/wp-json\/wp\/v2\/media?parent=1577"}],"curies":[{"name":"wp","href":"https:\/\/api.w.org\/{rel}","templated":true}]}}